{"id":32,"date":"2024-03-25T02:43:37","date_gmt":"2024-03-25T02:43:37","guid":{"rendered":"https:\/\/demo2wpopal.b-cdn.net\/rebuilto\/?page_id=32"},"modified":"2024-09-01T21:12:12","modified_gmt":"2024-09-02T01:12:12","slug":"quienes-somos","status":"publish","type":"page","link":"https:\/\/alonzodevelops.com\/index.php\/quienes-somos\/","title":{"rendered":"Sobre nosotros"},"content":{"rendered":"\t\t<div data-elementor-type=\"wp-page\" data-elementor-id=\"32\" class=\"elementor elementor-32\">\n\t\t\t\t<div class=\"elementor-element elementor-element-54c9c20 e-flex e-con-boxed e-con e-parent\" data-id=\"54c9c20\" data-element_type=\"container\">\n\t\t\t\t\t<div class=\"e-con-inner\">\n\t\t<div class=\"elementor-element elementor-element-cfed8e8 e-con-full e-flex e-con e-child\" data-id=\"cfed8e8\" data-element_type=\"container\">\n\t\t\t\t<div class=\"elementor-element elementor-element-fc86cf9 elementor-widget__width-initial animated-fast elementor-widget-divider--view-line elementor-invisible elementor-widget elementor-widget-divider\" data-id=\"fc86cf9\" data-element_type=\"widget\" data-settings=\"{&quot;_animation&quot;:&quot;zoomInRight&quot;}\" data-widget_type=\"divider.default\">\n\t\t\t\t<div class=\"elementor-widget-container\">\n\t\t\t\t\t\t\t<div class=\"elementor-divider\">\n\t\t\t<span class=\"elementor-divider-separator\">\n\t\t\t\t\t\t<\/span>\n\t\t<\/div>\n\t\t\t\t\t\t<\/div>\n\t\t\t\t<\/div>\n\t\t\t\t<div class=\"elementor-element elementor-element-af48afb animated-fast elementor-invisible elementor-widget elementor-widget-heading\" data-id=\"af48afb\" data-element_type=\"widget\" data-settings=\"{&quot;_animation&quot;:&quot;opal-scale-up&quot;}\" data-widget_type=\"heading.default\">\n\t\t\t\t<div class=\"elementor-widget-container\">\n\t\t\t\t\t<p class=\"elementor-heading-title elementor-size-default\">nuestra historia<\/p>\t\t\t\t<\/div>\n\t\t\t\t<\/div>\n\t\t\t\t<\/div>\n\t\t<div class=\"elementor-element elementor-element-a0f0bfb e-con-full e-flex e-con e-child\" data-id=\"a0f0bfb\" data-element_type=\"container\">\n\t\t\t\t<div class=\"elementor-element elementor-element-d5e8e99 elementor-widget__width-initial animated-fast elementor-invisible elementor-widget elementor-widget-heading\" data-id=\"d5e8e99\" data-element_type=\"widget\" data-settings=\"{&quot;_animation&quot;:&quot;opal-move-left&quot;}\" data-widget_type=\"heading.default\">\n\t\t\t\t<div class=\"elementor-widget-container\">\n\t\t\t\t\t<h2 class=\"elementor-heading-title elementor-size-default\">Juntos construimos m\u00e1s<\/h2>\t\t\t\t<\/div>\n\t\t\t\t<\/div>\n\t\t\t\t<\/div>\n\t\t\t\t\t<\/div>\n\t\t\t\t<\/div>\n\t\t<div class=\"elementor-element elementor-element-0f5b7fd e-con-full e-flex e-con e-parent\" data-id=\"0f5b7fd\" data-element_type=\"container\" data-settings=\"{&quot;background_background&quot;:&quot;gradient&quot;}\">\n\t\t<div class=\"elementor-element elementor-element-1bf881f e-con-full e-flex e-con e-child\" data-id=\"1bf881f\" data-element_type=\"container\" data-settings=\"{&quot;background_background&quot;:&quot;gradient&quot;}\">\n\t\t\t\t<div class=\"elementor-element elementor-element-d1db6f8 elementor-widget elementor-widget-image\" data-id=\"d1db6f8\" data-element_type=\"widget\" data-widget_type=\"image.default\">\n\t\t\t\t<div class=\"elementor-widget-container\">\n\t\t\t\t\t\t\t\t\t\t\t\t\t\t\t<img fetchpriority=\"high\" decoding=\"async\" width=\"660\" height=\"880\" src=\"https:\/\/alonzodevelops.com\/wp-content\/uploads\/2024\/03\/h4_img1.jpg\" class=\"attachment-full size-full wp-image-1142\" alt=\"\" srcset=\"https:\/\/alonzodevelops.com\/wp-content\/uploads\/2024\/03\/h4_img1.jpg 660w, https:\/\/alonzodevelops.com\/wp-content\/uploads\/2024\/03\/h4_img1-225x300.jpg 225w\" sizes=\"(max-width: 660px) 100vw, 660px\" \/>\t\t\t\t\t\t\t\t\t\t\t\t\t\t\t<\/div>\n\t\t\t\t<\/div>\n\t\t<div class=\"elementor-element elementor-element-f3cd207 e-con-full e-flex e-con e-child\" data-id=\"f3cd207\" data-element_type=\"container\">\n\t\t<div class=\"elementor-element elementor-element-28a1385 e-con-full e-flex e-con e-child\" data-id=\"28a1385\" data-element_type=\"container\">\n\t\t\t\t<\/div>\n\t\t\t\t<\/div>\n\t\t\t\t<\/div>\n\t\t<div class=\"elementor-element elementor-element-ff69151 e-con-full e-flex e-con e-child\" data-id=\"ff69151\" data-element_type=\"container\">\n\t\t<div class=\"elementor-element elementor-element-dc6b88e e-flex e-con-boxed e-con e-child\" data-id=\"dc6b88e\" data-element_type=\"container\">\n\t\t\t\t\t<div class=\"e-con-inner\">\n\t\t\t\t<div class=\"elementor-element elementor-element-19d73e7 elementor-widget__width-initial animated-fast elementor-widget-divider--view-line elementor-invisible elementor-widget elementor-widget-divider\" data-id=\"19d73e7\" data-element_type=\"widget\" data-settings=\"{&quot;_animation&quot;:&quot;slideInRight&quot;}\" data-widget_type=\"divider.default\">\n\t\t\t\t<div class=\"elementor-widget-container\">\n\t\t\t\t\t\t\t<div class=\"elementor-divider\">\n\t\t\t<span class=\"elementor-divider-separator\">\n\t\t\t\t\t\t<\/span>\n\t\t<\/div>\n\t\t\t\t\t\t<\/div>\n\t\t\t\t<\/div>\n\t\t\t\t<div class=\"elementor-element elementor-element-0df9e99 animated-fast elementor-invisible elementor-widget elementor-widget-heading\" data-id=\"0df9e99\" data-element_type=\"widget\" data-settings=\"{&quot;_animation&quot;:&quot;opal-scale-up&quot;}\" data-widget_type=\"heading.default\">\n\t\t\t\t<div class=\"elementor-widget-container\">\n\t\t\t\t\t<h2 class=\"elementor-heading-title elementor-size-default\">Sobre nosotros<\/h2>\t\t\t\t<\/div>\n\t\t\t\t<\/div>\n\t\t\t\t\t<\/div>\n\t\t\t\t<\/div>\n\t\t\t\t<div class=\"elementor-element elementor-element-a581936 elementor-widget__width-initial animated-fast elementor-invisible elementor-widget elementor-widget-heading\" data-id=\"a581936\" data-element_type=\"widget\" data-settings=\"{&quot;_animation&quot;:&quot;opal-move-up&quot;}\" data-widget_type=\"heading.default\">\n\t\t\t\t<div class=\"elementor-widget-container\">\n\t\t\t\t\t<h2 class=\"elementor-heading-title elementor-size-default\">Dise\u00f1ando excelencia, dando forma\u00a0al\u00a0futuro.<\/h2>\t\t\t\t<\/div>\n\t\t\t\t<\/div>\n\t\t\t\t<div class=\"elementor-element elementor-element-9bcad66 elementor-widget__width-initial animated-fast elementor-invisible elementor-widget elementor-widget-text-editor\" data-id=\"9bcad66\" data-element_type=\"widget\" data-settings=\"{&quot;_animation&quot;:&quot;opal-move-up&quot;}\" data-widget_type=\"text-editor.default\">\n\t\t\t\t<div class=\"elementor-widget-container\">\n\t\t\t\t\t\t\t\t\t<p>Somos una empresa pionera en ingenier\u00eda y arquitectura, comprometida con convertir ideas en realidades concretas.<\/p><p>Nos enfocamos en la creaci\u00f3n y desarrollo de proyectos de primer nivel, integrando una gama completa de servicios que cubren cada fase del proceso, desde la conceptualizaci\u00f3n inicial hasta la entrega final, utilizando tecnolog\u00edas innovadoras, materiales superiores y todo lo necesario para garantizar un resultado sobresaliente.<\/p><p>Nuestro objetivo es proporcionar soluciones que no solo cumplan con los m\u00e1s altos est\u00e1ndares de eficiencia y sostenibilidad, sino que tambi\u00e9n generen un impacto positivo en las comunidades en las\u00a0que\u00a0trabajamos.<\/p>\t\t\t\t\t\t\t\t<\/div>\n\t\t\t\t<\/div>\n\t\t\t\t<div class=\"elementor-element elementor-element-bec0b70 elementor-widget__width-initial animated-fast elementor-button-type-outline elementor-invisible elementor-widget elementor-widget-rebuilto-button\" data-id=\"bec0b70\" data-element_type=\"widget\" data-settings=\"{&quot;_animation&quot;:&quot;opal-move-left&quot;}\" data-widget_type=\"rebuilto-button.default\">\n\t\t\t\t<div class=\"elementor-widget-container\">\n\t\t\t\t\t        <div class=\"elementor-button-wrapper\">\n            <a href=\"\/index.php\/servicios\/\" class=\"elementor-button-link elementor-button elementor-size-sm\" role=\"button\">\n                        <span class=\"elementor-button-content-wrapper\">\n                          <span class=\"elementor-button-icon elementor-align-icon-right\">\n\t\t\t\t<i aria-hidden=\"true\" class=\"rebuilto-icon- rebuilto-icon-arrow-up-right\"><\/i>\t\t\t<\/span>\n            \t\t\t<span class=\"elementor-button-text\" data-name=\"Conoce nuestros servicios\">\n                <span>Conoce nuestros servicios<\/span>\n            <\/span>\n\t\t<\/span>\n                    <\/a>\n        <\/div>\n        \t\t\t\t<\/div>\n\t\t\t\t<\/div>\n\t\t\t\t<\/div>\n\t\t\t\t<\/div>\n\t\t<div class=\"elementor-element elementor-element-48cfd49 e-flex e-con-boxed e-con e-parent\" data-id=\"48cfd49\" data-element_type=\"container\">\n\t\t\t\t\t<div class=\"e-con-inner\">\n\t\t\t\t<div class=\"elementor-element elementor-element-bf325c3 elementor-absolute elementor-hidden-mobile_extra elementor-hidden-mobile elementor-widget elementor-widget-image\" data-id=\"bf325c3\" data-element_type=\"widget\" data-settings=\"{&quot;_position&quot;:&quot;absolute&quot;,&quot;motion_fx_motion_fx_scrolling&quot;:&quot;yes&quot;,&quot;motion_fx_translateY_effect&quot;:&quot;yes&quot;,&quot;motion_fx_translateY_speed&quot;:{&quot;unit&quot;:&quot;px&quot;,&quot;size&quot;:3,&quot;sizes&quot;:[]},&quot;motion_fx_scale_effect&quot;:&quot;yes&quot;,&quot;motion_fx_scale_speed&quot;:{&quot;unit&quot;:&quot;px&quot;,&quot;size&quot;:-1,&quot;sizes&quot;:[]},&quot;motion_fx_devices&quot;:[&quot;desktop&quot;,&quot;laptop&quot;,&quot;tablet_extra&quot;,&quot;tablet&quot;],&quot;motion_fx_translateY_direction&quot;:&quot;negative&quot;,&quot;motion_fx_translateY_affectedRange&quot;:{&quot;unit&quot;:&quot;%&quot;,&quot;size&quot;:&quot;&quot;,&quot;sizes&quot;:{&quot;start&quot;:0,&quot;end&quot;:100}},&quot;motion_fx_scale_direction&quot;:&quot;out-in&quot;,&quot;motion_fx_scale_range&quot;:{&quot;unit&quot;:&quot;%&quot;,&quot;size&quot;:&quot;&quot;,&quot;sizes&quot;:{&quot;start&quot;:20,&quot;end&quot;:80}}}\" data-widget_type=\"image.default\">\n\t\t\t\t<div class=\"elementor-widget-container\">\n\t\t\t\t\t\t\t\t\t\t\t\t\t\t\t<img decoding=\"async\" width=\"114\" height=\"431\" src=\"https:\/\/alonzodevelops.com\/wp-content\/uploads\/2024\/03\/h1_img-1.png\" class=\"attachment-full size-full wp-image-231\" alt=\"\" srcset=\"https:\/\/alonzodevelops.com\/wp-content\/uploads\/2024\/03\/h1_img-1.png 114w, https:\/\/alonzodevelops.com\/wp-content\/uploads\/2024\/03\/h1_img-1-79x300.png 79w\" sizes=\"(max-width: 114px) 100vw, 114px\" \/>\t\t\t\t\t\t\t\t\t\t\t\t\t\t\t<\/div>\n\t\t\t\t<\/div>\n\t\t<div class=\"elementor-element elementor-element-86aeb40 e-con-full e-flex e-con e-child\" data-id=\"86aeb40\" data-element_type=\"container\">\n\t\t\t\t<div class=\"elementor-element elementor-element-0d9fd88 elementor-widget__width-initial animated-fast elementor-widget-divider--view-line elementor-invisible elementor-widget elementor-widget-divider\" data-id=\"0d9fd88\" data-element_type=\"widget\" data-settings=\"{&quot;_animation&quot;:&quot;slideInRight&quot;}\" data-widget_type=\"divider.default\">\n\t\t\t\t<div class=\"elementor-widget-container\">\n\t\t\t\t\t\t\t<div class=\"elementor-divider\">\n\t\t\t<span class=\"elementor-divider-separator\">\n\t\t\t\t\t\t<\/span>\n\t\t<\/div>\n\t\t\t\t\t\t<\/div>\n\t\t\t\t<\/div>\n\t\t\t\t<div class=\"elementor-element elementor-element-3ae93d6 animated-fast elementor-invisible elementor-widget elementor-widget-heading\" data-id=\"3ae93d6\" data-element_type=\"widget\" data-settings=\"{&quot;_animation&quot;:&quot;opal-scale-up&quot;}\" data-widget_type=\"heading.default\">\n\t\t\t\t<div class=\"elementor-widget-container\">\n\t\t\t\t\t<p class=\"elementor-heading-title elementor-size-default\">\u00bfqu\u00e9 esperas?<\/p>\t\t\t\t<\/div>\n\t\t\t\t<\/div>\n\t\t\t\t<\/div>\n\t\t<div class=\"elementor-element elementor-element-944bbf4 e-con-full e-flex e-con e-child\" data-id=\"944bbf4\" data-element_type=\"container\">\n\t\t\t\t<div class=\"elementor-element elementor-element-75a2a3b elementor-widget__width-initial animated-fast elementor-invisible elementor-widget elementor-widget-heading\" data-id=\"75a2a3b\" data-element_type=\"widget\" data-settings=\"{&quot;_animation&quot;:&quot;opal-move-left&quot;}\" data-widget_type=\"heading.default\">\n\t\t\t\t<div class=\"elementor-widget-container\">\n\t\t\t\t\t<h2 class=\"elementor-heading-title elementor-size-default\">somos tu mejor desici\u00f3n<\/h2>\t\t\t\t<\/div>\n\t\t\t\t<\/div>\n\t\t\t\t<\/div>\n\t\t\t\t\t<\/div>\n\t\t\t\t<\/div>\n\t\t<div class=\"elementor-element elementor-element-922b6ed e-flex e-con-boxed e-con e-parent\" data-id=\"922b6ed\" data-element_type=\"container\" data-settings=\"{&quot;background_background&quot;:&quot;classic&quot;}\">\n\t\t\t\t\t<div class=\"e-con-inner\">\n\t\t<div class=\"elementor-element elementor-element-d1d8662 e-con-full e-flex e-con e-child\" data-id=\"d1d8662\" data-element_type=\"container\">\n\t\t\t\t<div class=\"elementor-element elementor-element-48b3ef9 elementor-widget__width-initial animated-fast elementor-widget-divider--view-line elementor-invisible elementor-widget elementor-widget-divider\" data-id=\"48b3ef9\" data-element_type=\"widget\" data-settings=\"{&quot;_animation&quot;:&quot;slideInRight&quot;}\" data-widget_type=\"divider.default\">\n\t\t\t\t<div class=\"elementor-widget-container\">\n\t\t\t\t\t\t\t<div class=\"elementor-divider\">\n\t\t\t<span class=\"elementor-divider-separator\">\n\t\t\t\t\t\t<\/span>\n\t\t<\/div>\n\t\t\t\t\t\t<\/div>\n\t\t\t\t<\/div>\n\t\t\t\t<div class=\"elementor-element elementor-element-ff7cdcc animated-fast elementor-invisible elementor-widget elementor-widget-heading\" data-id=\"ff7cdcc\" data-element_type=\"widget\" data-settings=\"{&quot;_animation&quot;:&quot;opal-scale-up&quot;}\" data-widget_type=\"heading.default\">\n\t\t\t\t<div class=\"elementor-widget-container\">\n\t\t\t\t\t<p class=\"elementor-heading-title elementor-size-default\">Te esperamos<\/p>\t\t\t\t<\/div>\n\t\t\t\t<\/div>\n\t\t\t\t<\/div>\n\t\t<div class=\"elementor-element elementor-element-fc6d529 e-con-full e-flex e-con e-child\" data-id=\"fc6d529\" data-element_type=\"container\">\n\t\t\t\t<div class=\"elementor-element elementor-element-ac1cbd5 elementor-widget__width-initial animated-fast elementor-invisible elementor-widget elementor-widget-heading\" data-id=\"ac1cbd5\" data-element_type=\"widget\" data-settings=\"{&quot;_animation&quot;:&quot;opal-move-left&quot;}\" data-widget_type=\"heading.default\">\n\t\t\t\t<div class=\"elementor-widget-container\">\n\t\t\t\t\t<h2 class=\"elementor-heading-title elementor-size-default\">Estamos listos para trabajar con usted<\/h2>\t\t\t\t<\/div>\n\t\t\t\t<\/div>\n\t\t\t\t<div class=\"elementor-element elementor-element-e483d4d elementor-button-type-default elementor-widget__width-auto elementor-widget elementor-widget-rebuilto-button-mousemove\" data-id=\"e483d4d\" data-element_type=\"widget\" data-widget_type=\"rebuilto-button-mousemove.default\">\n\t\t\t\t<div class=\"elementor-widget-container\">\n\t\t\t\t\t        <div class=\"elementor-button-wrapper\">\n            <div class=\"movingButton\">\n                <a href=\"\/index.php\/contacto\/\" class=\"elementor-button-link elementor-button\" role=\"button\">\n                            <span class=\"elementor-button-content-wrapper\">\n                          <span class=\"elementor-button-icon elementor-align-icon-top\">\n\t\t\t\t<i aria-hidden=\"true\" class=\"rebuilto-icon- rebuilto-icon-arrow-up-right\"><\/i>\t\t\t<\/span>\n            \t\t\t<span class=\"elementor-button-text\" data-name=\"cotiza con nosotros\">\n                <span>cotiza con nosotros<\/span>\n            <\/span>\n\t\t<\/span>\n                        <\/a>\n            <\/div>\n        <\/div>\n        \t\t\t\t<\/div>\n\t\t\t\t<\/div>\n\t\t\t\t<\/div>\n\t\t\t\t<div class=\"elementor-element elementor-element-c121348 elementor-absolute e-transform elementor-view-default elementor-widget elementor-widget-icon\" data-id=\"c121348\" data-element_type=\"widget\" data-settings=\"{&quot;_position&quot;:&quot;absolute&quot;,&quot;_transform_flipY_effect&quot;:&quot;transform&quot;}\" data-widget_type=\"icon.default\">\n\t\t\t\t<div class=\"elementor-widget-container\">\n\t\t\t\t\t\t\t<div class=\"elementor-icon-wrapper\">\n\t\t\t<div class=\"elementor-icon\">\n\t\t\t<svg xmlns=\"http:\/\/www.w3.org\/2000\/svg\" width=\"1229\" height=\"818\" viewBox=\"0 0 1229 818\" fill=\"none\"><path d=\"M614.659 245.462L614.529 245.625L614.399 245.462L614.012 245.98C471.766 436.536 329.84 626.683 187.448 817.5H1.00094C102.89 681.862 204.787 546.224 306.684 410.586L307.65 409.3L309.397 406.974C411.101 271.594 512.804 136.213 614.5 0.832502C715.777 135.655 817.061 270.477 918.345 405.3L921.35 409.3C1023.57 545.367 1125.79 681.433 1228 817.5H1041.61C958.84 706.587 876.236 595.919 793.646 485.268C734.125 405.525 674.611 325.791 615.046 245.981L614.659 245.462Z\" stroke=\"#DFE1E7\"><\/path><\/svg>\t\t\t<\/div>\n\t\t<\/div>\n\t\t\t\t\t\t<\/div>\n\t\t\t\t<\/div>\n\t\t\t\t\t<\/div>\n\t\t\t\t<\/div>\n\t\t\t\t<\/div>\n\t\t","protected":false},"excerpt":{"rendered":"<p>nuestra historia Juntos construimos m\u00e1s Sobre nosotros Dise\u00f1ando excelencia, dando forma\u00a0al\u00a0futuro. Somos una empresa pionera en ingenier\u00eda y arquitectura, comprometida con convertir ideas en realidades concretas. Nos enfocamos en la creaci\u00f3n y desarrollo de proyectos de primer nivel, integrando una gama completa de servicios que cubren cada fase del proceso, desde la conceptualizaci\u00f3n inicial hasta [&hellip;]<\/p>\n","protected":false},"author":1,"featured_media":0,"parent":0,"menu_order":0,"comment_status":"closed","ping_status":"closed","template":"template-homepage.php","meta":{"footnotes":""},"class_list":["post-32","page","type-page","status-publish","hentry"],"_links":{"self":[{"href":"https:\/\/alonzodevelops.com\/index.php\/wp-json\/wp\/v2\/pages\/32","targetHints":{"allow":["GET"]}}],"collection":[{"href":"https:\/\/alonzodevelops.com\/index.php\/wp-json\/wp\/v2\/pages"}],"about":[{"href":"https:\/\/alonzodevelops.com\/index.php\/wp-json\/wp\/v2\/types\/page"}],"author":[{"embeddable":true,"href":"https:\/\/alonzodevelops.com\/index.php\/wp-json\/wp\/v2\/users\/1"}],"replies":[{"embeddable":true,"href":"https:\/\/alonzodevelops.com\/index.php\/wp-json\/wp\/v2\/comments?post=32"}],"version-history":[{"count":9,"href":"https:\/\/alonzodevelops.com\/index.php\/wp-json\/wp\/v2\/pages\/32\/revisions"}],"predecessor-version":[{"id":6382,"href":"https:\/\/alonzodevelops.com\/index.php\/wp-json\/wp\/v2\/pages\/32\/revisions\/6382"}],"wp:attachment":[{"href":"https:\/\/alonzodevelops.com\/index.php\/wp-json\/wp\/v2\/media?parent=32"}],"curies":[{"name":"wp","href":"https:\/\/api.w.org\/{rel}","templated":true}]}}